{"id":58,"date":"2023-08-22T17:14:24","date_gmt":"2023-08-22T15:14:24","guid":{"rendered":"https:\/\/club-des-randonneurs-de-belley.ovh\/index.php\/mot-de-passe-oublie\/"},"modified":"2023-08-25T12:11:42","modified_gmt":"2023-08-25T10:11:42","slug":"mot-de-passe-oublie","status":"publish","type":"page","link":"https:\/\/club-des-randonneurs-de-belley.ovh\/index.php\/mot-de-passe-oublie\/","title":{"rendered":"1\u00e8re connexion ou Mot de passe oubli\u00e9"},"content":{"rendered":"<div class=\"pmagic\">  \n <div class=\"pm-login-box pm-dbfl pm-border pm-radius5\"> \n\n \n \n <form id=\"lostpasswordform\" class=\"pmagic-form pm-dbfl pm-bg-lt\"\n       action=\"https:\/\/club-des-randonneurs-de-belley.ovh\/wp-login.php?action=lostpassword\" method=\"post\">\n\n     <input type=\"hidden\" name=\"pm_password_nonce\" value=\"bd2fe01e8b\" \/>\n     <div class=\"pm-login-header pm-dbfl pm-bg pm-border-bt pm-pad10\">\n         Si vous avez perdu votre mot de passe, nous pouvons vous aider \u00e0 le r\u00e9initialiser. Pour lancer le processus de r\u00e9initialisation du mot de passe, veuillez entrer votre nom d&#039;utilisateur ou votre email dans la case ci-dessous et cliquer sur le bouton.     <\/div>\n\n     <input type=\"text\" \n            name=\"user_login\" \n            id=\"user_login\" \n            placeholder=\"Identifiant ou adresse e-mail\">\n\n     <div class=\"pm-login-box-bottom-container pm-dbfl pm-bg pm-border\">\n         <input type=\"submit\" name=\"submit\" class=\"lostpassword-button\"\n                value=\"Modifier le mot de passe\"\/>\n     <\/div>\n\n <\/form>\n\n \n <\/div>\n<\/div>\n\n","protected":false},"excerpt":{"rendered":"","protected":false},"author":1,"featured_media":0,"parent":0,"menu_order":0,"comment_status":"closed","ping_status":"closed","template":"","meta":{"footnotes":""},"class_list":["post-58","page","type-page","status-publish","hentry"],"_links":{"self":[{"href":"https:\/\/club-des-randonneurs-de-belley.ovh\/index.php\/wp-json\/wp\/v2\/pages\/58","targetHints":{"allow":["GET"]}}],"collection":[{"href":"https:\/\/club-des-randonneurs-de-belley.ovh\/index.php\/wp-json\/wp\/v2\/pages"}],"about":[{"href":"https:\/\/club-des-randonneurs-de-belley.ovh\/index.php\/wp-json\/wp\/v2\/types\/page"}],"author":[{"embeddable":true,"href":"https:\/\/club-des-randonneurs-de-belley.ovh\/index.php\/wp-json\/wp\/v2\/users\/1"}],"replies":[{"embeddable":true,"href":"https:\/\/club-des-randonneurs-de-belley.ovh\/index.php\/wp-json\/wp\/v2\/comments?post=58"}],"version-history":[{"count":1,"href":"https:\/\/club-des-randonneurs-de-belley.ovh\/index.php\/wp-json\/wp\/v2\/pages\/58\/revisions"}],"predecessor-version":[{"id":139,"href":"https:\/\/club-des-randonneurs-de-belley.ovh\/index.php\/wp-json\/wp\/v2\/pages\/58\/revisions\/139"}],"wp:attachment":[{"href":"https:\/\/club-des-randonneurs-de-belley.ovh\/index.php\/wp-json\/wp\/v2\/media?parent=58"}],"curies":[{"name":"wp","href":"https:\/\/api.w.org\/{rel}","templated":true}]}}