{"id":56,"date":"2023-08-22T17:14:24","date_gmt":"2023-08-22T15:14:24","guid":{"rendered":"https:\/\/club-des-randonneurs-de-belley.ovh\/index.php\/sidentifier\/"},"modified":"2023-09-05T10:59:14","modified_gmt":"2023-09-05T08:59:14","slug":"sidentifier","status":"publish","type":"page","link":"https:\/\/club-des-randonneurs-de-belley.ovh\/index.php\/sidentifier\/","title":{"rendered":"S&rsquo;identifier"},"content":{"rendered":"\n<p class=\"has-light-green-cyan-background-color has-background\"><strong>Si tu t&rsquo;es d\u00e9j\u00e0 connect\u00e9.e<\/strong>, saisis ci-dessous ton adresse e-mail et ton mot de passe. Puis clique sur \u00ab\u00a0S&rsquo;identifier\u00a0\u00bb<\/p>\n\n\n\n<p class=\"has-luminous-vivid-amber-background-color has-background has-small-font-size\" style=\"line-height:1.5\"><strong>Si c&rsquo;est ta premi\u00e8re connexion,<\/strong><br>1. saisis ci-dessous ton <strong>adresse e-mail<\/strong> et clique dans la zone <strong>\u00ab\u00a0Mot de passe oubli\u00e9 ?<\/strong>\u00ab\u00a0<br>2. Tu vas recevoir un mail avec un lien pour confirmer que ton adresse mail est correcte. <strong>VERIFIE QU&rsquo;IL N&rsquo;EST PAS DANS TES SPAMS !<\/strong><br>3. Clique sur le lien pour confirmer ton adresse mail<br>4. Une nouvelle fen\u00eatre s&rsquo;ouvre dans laquelle tu peux d\u00e9finir et confirmer ton mot de passe : <em>au moins 8 caract\u00e8res, au moins une majuscule, au moins un chiffre et au moins un caract\u00e8re sp\u00e9cial<\/em> <em>tel que ! &amp; ? $ @<\/em><\/p>\n\n\n\n<p><\/p>\n\n\n<div class=\"pmagic\">  \n <div class=\"pm-login-box pm-dbfl pg-theme-bg pm-border pm-radius5\"> \n \t\t\n \n<!-----Form Starts----->\n  <form class=\"pmagic-form 1 pm-dbfl pm-bg-lt\" method=\"post\" action=\"\" id=\"pm_login_form\" name=\"pm_login_form\">\n  <input type=\"hidden\" name=\"_wpnonce\" value=\"2bb4aff726\" \/>            <input type=\"text\" name=\"user_login\" id=\"user_login\" placeholder=\"Identifiant ou adresse e-mail\" required=\"required\">\n            <input type=\"password\" name=\"user_pass\" id=\"user_pass\" placeholder=\"Mot de passe\" required=\"required\">\n            <span id=\"pg-toggle-password\" class=\"pg-toggle-password fa fa-fw fa-eye-slash\"><\/span>\n            <div class=\"pg-login-remember\">\n                <label>\n                    <input name=\"rememberme\" type=\"checkbox\" id=\"pg-rememberme\" value=\"1\" \/>\n                    Se souvenir de moi                <\/label>\n            <\/div>\n                        <div class=\"pm-login-box-bottom-container pm-dbfl pm-bg pm-border\">\n                <input type=\"submit\" value=\"S&#039;identifier\" name=\"login_form_submit\" class=\"pm-difl\">\n                                <div class=\"pm-login-links-box pm-difr pm-pad10\">\n                <a href=\"https:\/\/club-des-randonneurs-de-belley.ovh\/index.php\/mot-de-passe-oublie\/\">Mot de passe oubli\u00e9 ?<\/a>\n                <\/div>\n            <\/div>\n            \n  <\/form>\n     <\/div>\n<\/div>\n","protected":false},"excerpt":{"rendered":"<p>Si tu t&rsquo;es d\u00e9j\u00e0 connect\u00e9.e, saisis ci-dessous ton adresse e-mail et ton mot de passe. Puis clique sur \u00ab\u00a0S&rsquo;identifier\u00a0\u00bb Si c&rsquo;est ta premi\u00e8re connexion,1. saisis ci-dessous ton adresse e-mail et clique dans la zone \u00ab\u00a0Mot de passe oubli\u00e9 ?\u00ab\u00a02. Tu vas recevoir un mail avec un lien pour confirmer que ton adresse mail est correcte. [&hellip;]<\/p>\n","protected":false},"author":1,"featured_media":0,"parent":0,"menu_order":0,"comment_status":"closed","ping_status":"closed","template":"","meta":{"footnotes":""},"class_list":["post-56","page","type-page","status-publish","hentry"],"_links":{"self":[{"href":"https:\/\/club-des-randonneurs-de-belley.ovh\/index.php\/wp-json\/wp\/v2\/pages\/56","targetHints":{"allow":["GET"]}}],"collection":[{"href":"https:\/\/club-des-randonneurs-de-belley.ovh\/index.php\/wp-json\/wp\/v2\/pages"}],"about":[{"href":"https:\/\/club-des-randonneurs-de-belley.ovh\/index.php\/wp-json\/wp\/v2\/types\/page"}],"author":[{"embeddable":true,"href":"https:\/\/club-des-randonneurs-de-belley.ovh\/index.php\/wp-json\/wp\/v2\/users\/1"}],"replies":[{"embeddable":true,"href":"https:\/\/club-des-randonneurs-de-belley.ovh\/index.php\/wp-json\/wp\/v2\/comments?post=56"}],"version-history":[{"count":12,"href":"https:\/\/club-des-randonneurs-de-belley.ovh\/index.php\/wp-json\/wp\/v2\/pages\/56\/revisions"}],"predecessor-version":[{"id":165,"href":"https:\/\/club-des-randonneurs-de-belley.ovh\/index.php\/wp-json\/wp\/v2\/pages\/56\/revisions\/165"}],"wp:attachment":[{"href":"https:\/\/club-des-randonneurs-de-belley.ovh\/index.php\/wp-json\/wp\/v2\/media?parent=56"}],"curies":[{"name":"wp","href":"https:\/\/api.w.org\/{rel}","templated":true}]}}