{"id":3,"date":"2023-08-18T19:05:34","date_gmt":"2023-08-18T17:05:34","guid":{"rendered":"http:\/\/club-des-randonneurs-de-belley.ovh\/?page_id=3"},"modified":"2023-08-25T16:23:29","modified_gmt":"2023-08-25T14:23:29","slug":"politique-de-confidentialite","status":"publish","type":"page","link":"https:\/\/club-des-randonneurs-de-belley.ovh\/index.php\/politique-de-confidentialite\/","title":{"rendered":"Politique de confidentialit\u00e9"},"content":{"rendered":"\n<h1 class=\"wp-block-heading\">Qui sommes-nous&nbsp;?<\/h1>\n\n\n\n<p>L\u2019adresse de notre site est\u00a0: http:\/\/club-des-randonneurs-de-belley.ovh.<\/p>\n\n\n\n<p>Ce site est r\u00e9serv\u00e9 aux membres du Club des Randonneurs p\u00e9destres de Belley pour leur permettre d&rsquo;acc\u00e9der aux documents et donn\u00e9es priv\u00e9s du Club. <em>Par exemple, les statuts, les r\u00e8glements, les consignes pour les accompagnateurs et les baliseurs du Club.<\/em><\/p>\n\n\n\n<p><\/p>\n\n\n\n<h1 class=\"wp-block-heading\">Cookies<\/h1>\n\n\n\n<p>Si vous vous rendez sur la page de connexion, un cookie temporaire sera cr\u00e9\u00e9 afin de d\u00e9terminer si votre navigateur accepte les cookies. Il ne contient pas de donn\u00e9es personnelles et sera supprim\u00e9 automatiquement \u00e0 la fermeture de votre navigateur.<\/p>\n\n\n\n<p>Lorsque vous vous connecterez, nous mettrons en place un certain nombre de cookies pour enregistrer vos informations de connexion et vos pr\u00e9f\u00e9rences d\u2019\u00e9cran. La dur\u00e9e de vie d\u2019un cookie de connexion est de deux jours, celle d\u2019un cookie d\u2019option d\u2019\u00e9cran est d\u2019un an. Si vous cochez \u00ab\u00a0Se souvenir de moi\u00a0\u00bb, votre cookie de connexion sera conserv\u00e9 pendant deux semaines. Si vous vous d\u00e9connectez de votre compte, le cookie de connexion sera effac\u00e9.<\/p>\n\n\n\n<h1 class=\"wp-block-heading\">Contenu embarqu\u00e9 depuis d\u2019autres sites<\/h1>\n\n\n\n<p><strong class=\"privacy-policy-tutorial\">Texte sugg\u00e9r\u00e9&nbsp;: <\/strong>Les articles de ce site peuvent inclure des contenus int\u00e9gr\u00e9s (par exemple des vid\u00e9os, images, articles\u2026). Le contenu int\u00e9gr\u00e9 depuis d\u2019autres sites se comporte de la m\u00eame mani\u00e8re que si le visiteur se rendait sur cet autre site.<\/p>\n\n\n\n<p>Ces sites web pourraient collecter des donn\u00e9es sur vous, utiliser des cookies, embarquer des outils de suivis tiers, suivre vos interactions avec ces contenus embarqu\u00e9s si vous disposez d\u2019un compte connect\u00e9 sur leur site web.<\/p>\n\n\n\n<h1 class=\"wp-block-heading\">Utilisation et transmission de vos donn\u00e9es personnelles<\/h1>\n\n\n\n<p>Si vous demandez une r\u00e9initialisation de votre mot de passe, votre adresse IP sera incluse dans l\u2019e-mail de r\u00e9initialisation.<\/p>\n\n\n\n<h1 class=\"wp-block-heading\">Dur\u00e9es de stockage de vos donn\u00e9es<\/h1>\n\n\n\n<p>Pour les comptes qui s\u2019inscrivent sur notre site (le cas \u00e9ch\u00e9ant), nous stockons \u00e9galement les donn\u00e9es personnelles indiqu\u00e9es dans leur profil. Tous les comptes peuvent voir, modifier ou supprimer leurs informations personnelles \u00e0 tout moment (\u00e0 l\u2019exception de leur identifiant). Les gestionnaires du site peuvent aussi voir et modifier ces informations.<\/p>\n\n\n\n<h1 class=\"wp-block-heading\">Les droits que vous avez sur vos donn\u00e9es<\/h1>\n\n\n\n<p>Si vous avez un compte ou si vous avez laiss\u00e9 des commentaires sur le site, vous pouvez demander \u00e0 recevoir un fichier contenant toutes les donn\u00e9es personnelles que nous poss\u00e9dons \u00e0 votre sujet, incluant celles que vous nous avez fournies. Vous pouvez \u00e9galement demander la suppression des donn\u00e9es personnelles vous concernant. Cela ne prend pas en compte les donn\u00e9es stock\u00e9es \u00e0 des fins administratives, l\u00e9gales ou pour des raisons de s\u00e9curit\u00e9.<\/p>\n","protected":false},"excerpt":{"rendered":"<p>Qui sommes-nous&nbsp;? L\u2019adresse de notre site est\u00a0: http:\/\/club-des-randonneurs-de-belley.ovh. Ce site est r\u00e9serv\u00e9 aux membres du Club des Randonneurs p\u00e9destres de Belley pour leur permettre d&rsquo;acc\u00e9der aux documents et donn\u00e9es priv\u00e9s du Club. Par exemple, les statuts, les r\u00e8glements, les consignes pour les accompagnateurs et les baliseurs du Club. Cookies Si vous vous rendez sur la [&hellip;]<\/p>\n","protected":false},"author":1,"featured_media":0,"parent":0,"menu_order":0,"comment_status":"closed","ping_status":"open","template":"","meta":{"footnotes":""},"class_list":["post-3","page","type-page","status-publish","hentry"],"_links":{"self":[{"href":"https:\/\/club-des-randonneurs-de-belley.ovh\/index.php\/wp-json\/wp\/v2\/pages\/3","targetHints":{"allow":["GET"]}}],"collection":[{"href":"https:\/\/club-des-randonneurs-de-belley.ovh\/index.php\/wp-json\/wp\/v2\/pages"}],"about":[{"href":"https:\/\/club-des-randonneurs-de-belley.ovh\/index.php\/wp-json\/wp\/v2\/types\/page"}],"author":[{"embeddable":true,"href":"https:\/\/club-des-randonneurs-de-belley.ovh\/index.php\/wp-json\/wp\/v2\/users\/1"}],"replies":[{"embeddable":true,"href":"https:\/\/club-des-randonneurs-de-belley.ovh\/index.php\/wp-json\/wp\/v2\/comments?post=3"}],"version-history":[{"count":1,"href":"https:\/\/club-des-randonneurs-de-belley.ovh\/index.php\/wp-json\/wp\/v2\/pages\/3\/revisions"}],"predecessor-version":[{"id":153,"href":"https:\/\/club-des-randonneurs-de-belley.ovh\/index.php\/wp-json\/wp\/v2\/pages\/3\/revisions\/153"}],"wp:attachment":[{"href":"https:\/\/club-des-randonneurs-de-belley.ovh\/index.php\/wp-json\/wp\/v2\/media?parent=3"}],"curies":[{"name":"wp","href":"https:\/\/api.w.org\/{rel}","templated":true}]}}